{"id":2219,"date":"2024-01-25T04:04:55","date_gmt":"2024-01-25T04:04:55","guid":{"rendered":"https:\/\/lapizzarra.com.mx\/politica-de-privacidad\/"},"modified":"2024-05-10T18:12:11","modified_gmt":"2024-05-10T18:12:11","slug":"politica-de-privacidad","status":"publish","type":"page","link":"https:\/\/lapizzarra.com.mx\/es\/politica-de-privacidad\/","title":{"rendered":"Pol\u00edtica de privacidad"},"content":{"rendered":"\t\t<div data-elementor-type=\"wp-page\" data-elementor-id=\"2219\" class=\"elementor elementor-2219 elementor-3\" data-elementor-post-type=\"page\">\n\t\t\t\t<header class=\"elementor-element elementor-element-9c59cae e-flex e-con-boxed e-con e-parent\" data-id=\"9c59cae\" data-element_type=\"container\" data-e-type=\"container\" data-settings=\"{&quot;background_background&quot;:&quot;classic&quot;,&quot;jet_parallax_layout_list&quot;:[]}\">\n\t\t\t\t\t<div class=\"e-con-inner\">\n\t\t\t\t<div class=\"elementor-element elementor-element-6e847f6 elementor-widget elementor-widget-heading\" data-id=\"6e847f6\" data-element_type=\"widget\" data-e-type=\"widget\" data-widget_type=\"heading.default\">\n\t\t\t\t\t<h1 class=\"elementor-heading-title elementor-size-default\">Pol\u00edtica de privacidad<\/h1>\t\t\t\t<\/div>\n\t\t\t\t\t<\/div>\n\t\t\t\t<\/header>\n\t\t<div class=\"elementor-element elementor-element-568c6c6 e-flex e-con-boxed e-con e-parent\" data-id=\"568c6c6\" data-element_type=\"container\" data-e-type=\"container\" data-settings=\"{&quot;jet_parallax_layout_list&quot;:[]}\">\n\t\t\t\t\t<div class=\"e-con-inner\">\n\t\t\t\t<div class=\"elementor-element elementor-element-8119156 elementor-widget elementor-widget-text-editor\" data-id=\"8119156\" data-element_type=\"widget\" data-e-type=\"widget\" data-widget_type=\"text-editor.default\">\n\t\t\t\t\t\t\t\t\t\r\n<p>El presente aviso de privacidad en lo sucesivo \u201cEL AVISO\u201d se emite en cumplimiento por lo dispuesto por el art\u00edculo 15 de la Ley Federal de Protecci\u00f3n de Datos Personales en Posesi\u00f3n de los Particulares en lo sucesivo \u201cLA LEY\u201d, y sus correlativos del Reglamento de la Ley Federal de Protecci\u00f3n de Datos Personales en Posesi\u00f3n de los Particulares en lo sucesivo \u201cEL REGLAMENTO\u201d, y se pone a disposici\u00f3n de los usuarios que entreguen datos o informaci\u00f3n de car\u00e1cter personal a TACO LANGOSTA S. DE R.L. DE C.V., sus empresas filiales, subsidiarias, afiliadas, controladas o controladoras, en lo sucesivo \u201cGRUPO HOOTERS\u201d.<\/p>\r\n<p> <\/p>\r\n<p>\u201cGRUPO HOOTERS\u201d en su car\u00e1cter de responsable del tratamiento de datos personales observa los principios de licitud, consentimiento, informaci\u00f3n, calidad, finalidad, lealtad, proporcionalidad y responsabilidad, tal y como lo establece \u201cLA LEY\u201d.<\/p>\r\n<ol>\r\n<li><strong> Responsable de la protecci\u00f3n de sus Datos Personales<\/strong><\/li>\r\n<\/ol>\r\n<p>\u201cGRUPO HOOTERS\u201d, con domicilio para recibir notificaciones en Edificio ECO, Supermanzana 17 (diecisiete), Manzana 03 (cero tres), Lote 03 (cero tres), Avenida Kabah, Canc\u00fan, Quintana Roo, M\u00e9xico; es responsable, del tratamiento de sus datos personales.<\/p>\r\n<ol start=\"2\">\r\n<li><strong> Forma y medios de contacto<\/strong><\/li>\r\n<\/ol>\r\n<p>Para contactarnos, usted deber\u00e1 presentar una solicitud redactada en idioma espa\u00f1ol, dirigida a la OFICINA DE PROTECCI\u00d3N DE DATOS DE \u201cGRUPO HOOTERS\u201d, y hacerla llegar por correo electr\u00f3nico a la direcci\u00f3n electr\u00f3nica: hotline@lapizzarra.com.mx o v\u00eda correo postal a la siguiente direcci\u00f3n: Edificio ECO, Supermanzana 17 (diecisiete), Manzana 03 (cero tres), Lote 03 (cero tres), Avenida Kabah, Canc\u00fan, Quintana Roo, M\u00e9xico.<\/p>\r\n<ol start=\"3\">\r\n<li><strong> Datos recabados y medios de obtenci\u00f3n de Datos Personales<\/strong><\/li>\r\n<\/ol>\r\n<p>Los datos personales que recabamos de los usuarios para dar cumplimiento a los fines descritos en el presente \u201cAVISO\u201d, son recabados de manera directa, cuando usted nos los proporciona personalmente por v\u00eda de nuestras p\u00e1ginas web, portales de \u201cGRUPO HOOTERS\u201d, de manera telef\u00f3nica y por correo electr\u00f3nico, y cuando obtenemos informaci\u00f3n a trav\u00e9s de otras fuentes de acceso p\u00fablico permitidas en \u201cLA LEY\u201d y su Reglamento.<\/p>\r\n<p> <\/p>\r\n<ul>\r\n<li><strong>a) De los clientes:<\/strong><\/li>\r\n<\/ul>\r\n<p><strong> <\/strong><\/p>\r\n<p>Los datos que recabamos de manera directa, v\u00eda presencial, internet, correo electr\u00f3nico y telef\u00f3nicamente son los siguientes:<\/p>\r\n<p> <\/p>\r\n<ul>\r\n<li>De las personas f\u00edsicas: Nombre completo y apellidos, g\u00e9nero (masculino o femenino), imagen, fecha de nacimiento, n\u00famero de cliente, nacionalidad, tel\u00e9fono, n\u00famero de celular, correo electr\u00f3nico, domicilio, edad e identificaci\u00f3n oficial.<\/li>\r\n<li>De las personas morales: Denominaci\u00f3n o raz\u00f3n social, acta constitutiva, documento (s) en los que consten las facultades del representante o apoderado legal, domicilio social, comprobante de domicilio, identificaci\u00f3n oficial del representante o apoderado legal, firma del apoderado o representante legal, RFC, domicilio fiscal y n\u00famero de cuenta.<\/li>\r\n<\/ul>\r\n<p> <\/p>\r\n<p>En cuanto a los datos de car\u00e1cter patrimonial o financiero tales como el Registro Federal de Contribuyentes (RFC), domicilio fiscal, n\u00famero de tarjeta de cr\u00e9dito o d\u00e9bito, fecha de vencimiento de la tarjeta de cr\u00e9dito o d\u00e9bito, n\u00famero de seguridad de la tarjeta de cr\u00e9dito o d\u00e9bito y nombre del titular de la tarjeta de cr\u00e9dito o d\u00e9bito, usted al hacer uso de \u00e9sta informaci\u00f3n para adquirir alguno de nuestros productos o servicios, otorga su consentimiento expreso para el tratamiento de estos datos conforme a lo dispuesto en el art\u00edculo 8 de \u201cLA LEY\u201d.<\/p>\r\n<p> <\/p>\r\n<ul>\r\n<li><strong>b) De los proveedores:<\/strong><\/li>\r\n<\/ul>\r\n<p><strong> <\/strong><\/p>\r\n<p>Los datos que recabamos de manera directa, v\u00eda presencial, internet, correo electr\u00f3nico y telef\u00f3nicamente son los siguientes:<\/p>\r\n<p> <\/p>\r\n<ul>\r\n<li>De las personas f\u00edsicas: Nombre completo y apellidos, imagen, identificaci\u00f3n oficial, comprobante de domicilio, fecha de nacimiento, estado civil, nacionalidad, tel\u00e9fono, correo electr\u00f3nico, acta de matrimonio (en ciertos casos), firma, RFC, domicilio fiscal, y n\u00famero de cuenta.<\/li>\r\n<li>De las personas morales: Denominaci\u00f3n o raz\u00f3n social, acta constitutiva, documento (s) en los que consten las facultades del representante o apoderado legal, domicilio social, comprobante de domicilio, identificaci\u00f3n oficial del representante o apoderado legal, firma del apoderado o representante legal, RFC, domicilio fiscal y n\u00famero de cuenta.<\/li>\r\n<\/ul>\r\n<p> <\/p>\r\n<p>En cuanto hace a los datos de car\u00e1cter patrimonial o financiero tales como RFC, domicilio fiscal y n\u00famero de cuenta mencionados con anterioridad, se considerar\u00e1 que, al celebrar el acto jur\u00eddico correspondiente, est\u00e1 otorg\u00e1ndonos su consentimiento expreso para el tratamiento de estos datos.<\/p>\r\n<p> <\/p>\r\n<p>Toda vez que \u201cLA LEY\u201d permite otras fuentes de allegarnos de informaci\u00f3n como lo son directorios telef\u00f3nicos f\u00edsicos o electr\u00f3nicos y de servicios, los datos que por dichos medios podemos obtener son nombre y apellidos, tel\u00e9fono, correo electr\u00f3nico y direcci\u00f3n f\u00edsica.<\/p>\r\n<p> <\/p>\r\n<ol start=\"4\">\r\n<li><strong> Fines de los Datos Personales recabados<\/strong><\/li>\r\n<\/ol>\r\n<p>Sus datos personales ser\u00e1n utilizados para las siguientes finalidades:<\/p>\r\n<p> <\/p>\r\n<ul>\r\n<li><strong>a) Para el caso de los clientes:<\/strong><\/li>\r\n<\/ul>\r\n<p><strong> <\/strong><\/p>\r\n<ol>\r\n<li><strong>i)<\/strong>Finalidades que dieron origen y son necesarias para la existencia, mantenimiento y cumplimiento de la relaci\u00f3n jur\u00eddica entre el titular y \u201cGRUPO HOOTERS\u201d, tales como la prestaci\u00f3n del servicio que nos solicita; para fines de seguimiento, actualizaci\u00f3n y confirmaci\u00f3n de los productos y\/o servicios contratados; y para fines de facturaci\u00f3n; <strong>ii)<\/strong>Fines secundarios tales como los estad\u00edsticos, de seguridad de las personas, de validaci\u00f3n crediticia y de pago, de evaluaci\u00f3n del riesgo de fraude de las transacciones, de historial de compra, de mercadotecnia en aras de contribuir a la mejora de los servicios de comunicaci\u00f3n y atenci\u00f3n que se proporciona a los usuarios, as\u00ed como para ofrecer la gama de productos y servicios que comercializa \u201cGRUPO HOOTERS\u201d y comunicarle promociones.<\/li>\r\n<\/ol>\r\n<p> <\/p>\r\n<p>Para el caso de que usted adquiera alg\u00fan producto y\/o servicio ofrecido por \u201cGRUPO HOOTERS\u201d, tal y como lo contempla el punto i) del p\u00e1rrafo que antecede, sus datos ser\u00e1n utilizados adicionalmente para evaluar la calidad del servicio y realizar estudios sobre h\u00e1bitos de consumo y preferencias.<\/p>\r\n<p> <\/p>\r\n<ul>\r\n<li><strong>b) Para el caso de los proveedores:<\/strong><\/li>\r\n<\/ul>\r\n<p><strong> <\/strong><\/p>\r\n<ol>\r\n<li><strong>i)<\/strong>Finalidades que dieron origen y son necesarias para la existencia, mantenimiento y cumplimiento de la relaci\u00f3n jur\u00eddica entre el titular y \u201cGRUPO HOOTERS\u201d, as\u00ed como para fines de facturaci\u00f3n; <strong>ii)<\/strong>Fines secundarios tales como los estad\u00edsticos, de seguridad de las personas, de validaci\u00f3n crediticia y de pago, de evaluaci\u00f3n del riesgo de fraude de las transacciones. Para efectos de su seguridad y de los dem\u00e1s proveedores al ofrecer alg\u00fan servicio y\/o producto, usted podr\u00eda ser videograbado o fotografiado.<\/li>\r\n<\/ol>\r\n<p> <\/p>\r\n<p>En caso que usted desee manifestar OPOSICI\u00d3N a que sus datos personales sean tratados para las finalidades antes descritas, favor de enviar un correo electr\u00f3nico a la direcci\u00f3n hotline@lapizzarra.com.mx , o presentar una solicitud por escrito, en idioma espa\u00f1ol a la siguiente direcci\u00f3n: Edificio ECO, Supermanzana 17 (diecisiete), Manzana 03 (cero tres), Lote 03 (cero tres), Avenida Kabah, Canc\u00fan, Quintana Roo, M\u00e9xico. C.P.77560, manifestando a qu\u00e9 finalidad o finalidades secundarias se opone.<\/p>\r\n<p> <\/p>\r\n<ol start=\"5\">\r\n<li><strong> Limitaciones al uso de datos<\/strong><\/li>\r\n<\/ol>\r\n<p>Usted puede cancelar su suscripci\u00f3n para recibir promociones, ofertas, productos y servicios, por correo electr\u00f3nico o v\u00eda correo postal, haciendo llegar una solicitud por escrito en idioma espa\u00f1ol, dirigida a la OFICINA DE PROTECCI\u00d3N DE DATOS PERSONALES \u201cGRUPO HOOTERS\u201d, en donde nos mencione su intenci\u00f3n de cancelar su suscripci\u00f3n e indique datos necesarios como: Nombre completo y apellidos, copia simple de su identificaci\u00f3n oficial, para el caso de medios electr\u00f3nicos versi\u00f3n digitalizada de la misma (escaneo), n\u00famero de socio o de cuenta (en caso de tener uno), tel\u00e9fono, n\u00famero de celular y direcci\u00f3n f\u00edsica o electr\u00f3nica, a la siguiente direcci\u00f3n: Edificio ECO, Supermanzana 17 (diecisiete), Manzana 03 (cero tres), Lote 03 (cero tres), Avenida Kabah, Canc\u00fan, Quintana Roo, M\u00e9xico, o al correo electr\u00f3nico hotline@lapizzarra.com.mx <a href=\"mailto:datos.personales@grupoado.com.mx\"><strong>.<\/strong><\/a><\/p>\r\n<p> <\/p>\r\n<ol start=\"6\">\r\n<li><strong> Derechos ARCO<\/strong><\/li>\r\n<\/ol>\r\n<p> <\/p>\r\n<p>Usted o su representante legal debidamente acreditado podr\u00e1n limitar el uso o divulgaci\u00f3n de sus datos personales, para ello usted podr\u00e1 ejercer, cuando procedan, los derechos de acceso, rectificaci\u00f3n, cancelaci\u00f3n u oposici\u00f3n en lo sucesivo \u201cDERECHOS ARCO\u201d que la \u201cLEY\u201d prev\u00e9, mediante solicitud por escrito en idioma espa\u00f1ol presentada en el domicilio o correo electr\u00f3nico arriba se\u00f1alado; es importante mencionar que el ejercicio de cualquiera de los \u201cDERECHOS ARCO\u201d, no impide el ejercicio de otro derecho.<\/p>\r\n<p> <\/p>\r\n<ol start=\"7\">\r\n<li><strong> Mecanismos para el ejercicio de los Derechos ARCO<\/strong><\/li>\r\n<\/ol>\r\n<p> <\/p>\r\n<p>El ejercicio de los \u201cDERECHOS ARCO\u201d as\u00ed como la revocaci\u00f3n de su consentimiento para el tratamiento de sus datos personales se realizar\u00e1 a trav\u00e9s de la presentaci\u00f3n de la solicitud respectiva, que por escrito y en idioma espa\u00f1ol deba presentar el titular de los datos personales o su representante legal, en atenci\u00f3n a la OFICINA DE PROTECCI\u00d3N DE DATOS DE \u201cGRUPO HOOTERS\u201d a la direcci\u00f3n postal ubicada en Edificio ECO, Supermanzana 17 (diecisiete), Manzana 03 (cero tres), Lote 03 (cero tres), Avenida Kabah, Canc\u00fan, Quintana Roo, M\u00e9xico, (los gastos de env\u00edo correr\u00e1n por cuenta del solicitante), o bien por correo electr\u00f3nico a la direcci\u00f3n hotline@lapizzarra.com.mx en atenci\u00f3n a la OFICINA antes referida.<\/p>\r\n<p> <\/p>\r\n<p>Su solicitud deber\u00e1 indicar nombre completo y apellidos, copia simple, legible y vigente de su identificaci\u00f3n oficial o en caso de utilizar medios electr\u00f3nicos, adjuntar la versi\u00f3n digitalizada de la misma (escaneo), en caso de que la solicitud sea presentada por su representante legal, deber\u00e1 acompa\u00f1ar a su solicitud los documentos oficiales que acrediten dicha representaci\u00f3n, indicando el correo electr\u00f3nico o direcci\u00f3n f\u00edsica que designe para notificaciones y alg\u00fan n\u00famero telef\u00f3nico de contacto.<\/p>\r\n<p>En caso de que la informaci\u00f3n proporcionada en su solicitud sea err\u00f3nea o insuficiente para atenderla, o bien no se acompa\u00f1en los documentos de acreditaci\u00f3n correspondientes, se le har\u00e1 un requerimiento dentro de los cinco d\u00edas h\u00e1biles siguientes a la recepci\u00f3n de su solicitud, para que aporte los elementos o documentos necesarios para dar tr\u00e1mite a la misma. Usted contar\u00e1 con plazo de diez d\u00edas h\u00e1biles para atender dicho requerimiento, contados a partir del d\u00eda siguiente en que haya sido emitido por la OFICINA DE PROTECCI\u00d3N DE DATOS DE GRUPO HOOTERS. En caso de no dar respuesta a dicho requerimiento en el plazo otorgado, su solicitud se tendr\u00e1 por no presentada.<\/p>\r\n<p>Cumplidos los requisitos que se se\u00f1alan con anterioridad, en un plazo m\u00e1ximo de veinte d\u00edas h\u00e1biles contados a partir de la fecha de recepci\u00f3n de su solicitud de \u201cDERECHOS ARCO\u201d, as\u00ed como de revocaci\u00f3n del tratamiento de datos personales, la OFICINA DE PROTECCI\u00d3N DE DATOS DE \u201cGRUPO HOOTERS\u201d dar\u00e1 contestaci\u00f3n sobre la procedencia de la misma, mediante correo electr\u00f3nico dirigido a su persona a la direcci\u00f3n de correo electr\u00f3nico que haya indicado en la propia solicitud, o bien enviando carta al domicilio f\u00edsico que haya indicado para tales efectos (los veinte d\u00edas se dar\u00e1n por cumplidos al momento de entregar el documento al servicio postal). Si la solicitud resulta procedente, est\u00e1 se har\u00e1 efectiva dentro de los quince d\u00edas h\u00e1biles siguientes a la fecha en que se comunica la respuesta sobre la procedencia de la misma.<\/p>\r\n<p> <\/p>\r\n<ol start=\"8\">\r\n<li><strong> Transferencia de datos nacional e internacional<\/strong><\/li>\r\n<\/ol>\r\n<p>Su informaci\u00f3n puede ser compartida con Instituciones financieras, bancarias o crediticias, socios comerciales, c\u00e1maras de comercio y proveedores, esto, para fines del servicio contratado, para fines de evaluaci\u00f3n del riesgo de fraude de las transacciones, fines informativos, promocionales, publicitarios o mercantiles.<\/p>\r\n<p>Sus datos personales no ser\u00e1n transferidos a terceros sin su consentimiento, salvo lo dispuesto por el art\u00edculo 37 de \u201cLA LEY\u201d, el cual de manera enunciativa m\u00e1s no limitativa refiere que se podr\u00e1n transferir los datos entre las sociedades subsidiarias, filiales, afiliadas y controladoras de \u201cGRUPO HOOTERS\u201d.<\/p>\r\n<p> <\/p>\r\n<ol start=\"9\">\r\n<li><strong> Modificaciones al presente aviso de privacidad<\/strong><\/li>\r\n<\/ol>\r\n<p> <\/p>\r\n<p>\u201cGRUPO HOOTERS\u201d se reserva el derecho de efectuar en cualquier tiempo modificaciones o actualizaciones al presente \u201cAVISO\u201d. Las modificaciones que se efect\u00faen se pondr\u00e1n a disposici\u00f3n de los usuarios a trav\u00e9s de alguno o algunos de los siguientes medios: anuncios visibles en nuestros establecimientos, v\u00eda nuestra p\u00e1gina de Internet, v\u00eda correo electr\u00f3nico a la direcci\u00f3n m\u00e1s reciente que tengamos de usted, o personalmente por medio de nuestros encargados al momento de acudir a cualquiera de nuestras instalaciones.<\/p>\r\n<ol start=\"10\">\r\n<li><strong> Informaci\u00f3n en Internet<\/strong><\/li>\r\n<\/ol>\r\n<p> <\/p>\r\n<p>Hacemos de su conocimiento que cuando accede a nuestro Portal en Internet, es recibida por nuestra parte informaci\u00f3n referente a sus \u201ccookies\u201d (t\u00e9rmino definido en la parte de Definiciones) y \u201cweb beacons\u201d (t\u00e9rmino definido en la parte de Definiciones) para obtener informaci\u00f3n como lo es: su tipo de navegador y sistema operativo, las p\u00e1ginas de Internet que ha visitado recientemente, los v\u00ednculos que recientemente ha seguido, la direcci\u00f3n IP de su computadora, el sitio que cerr\u00f3 antes de entrar a nuestro portal en Internet.<\/p>\r\n<ol start=\"11\">\r\n<li><strong> Datos personales sensibles<\/strong><\/li>\r\n<\/ol>\r\n<p> <\/p>\r\n<p>Hacemos de su conocimiento que \u201cGRUPO HOOTERS\u201d no recaba ni trata datos personales sensibles.<\/p>\r\n<ol start=\"12\">\r\n<li><strong> Definiciones<\/strong><\/li>\r\n<\/ol>\r\n<p> <\/p>\r\n<p>Se entiende para efectos del presente \u201cAVISO\u201d lo siguiente:<\/p>\r\n<p> <\/p>\r\n<ul>\r\n<li><strong>I. Cookies. \u2013 <\/strong>Son los archivos de texto que se descargan autom\u00e1ticamente y se almacenan en el disco duro del equipo de c\u00f3mputo del usuario al navegar en una p\u00e1gina o portal de Internet espec\u00edfico, que permiten almacenar al servidor de Internet ciertos datos, entre ellos, p\u00e1ginas preferidas de visualizaci\u00f3n en Internet, algunas claves y contrase\u00f1as.<\/li>\r\n<li><strong>II. Web beacons.- <\/strong>Im\u00e1genes insertadas en p\u00e1ginas o portales de Internet as\u00ed como en correos electr\u00f3nicos y que entre otros pueden almacenar informaci\u00f3n de la direcci\u00f3n IP del usuario, tiempo de interacci\u00f3n en los sitios web, entre otros.<\/li>\r\n<li><strong>III. D\u00edas. \u2013 <\/strong>Por disposici\u00f3n del Art\u00edculo 3\u00b0 en su fracci\u00f3n VII de la Ley Federal de Protecci\u00f3n de Datos Personales en Posesi\u00f3n de los Particulares, los plazos y tiempos estipulados en d\u00edas, se contar\u00e1n en d\u00edas h\u00e1biles.<\/li>\r\n<li><strong>IV. Derechos ARCO. \u2013 <\/strong>Son los Derechos de Acceso, Rectificaci\u00f3n, Cancelaci\u00f3n y Oposici\u00f3n, consagrados en \u201cLA LEY\u201d que por sus siglas forman dicha palabra.<\/li>\r\n<li><strong>V. Ley. \u2013<\/strong> Hace referencia a la Ley Federal de Protecci\u00f3n de Datos Personales en Posesi\u00f3n de los Particulares, publicada en el Diario Oficial de la Federaci\u00f3n el 5 de julio de 2010.<\/li>\r\n<li><strong>VI. Reglamento. \u2013 <\/strong>Hace referencia al Reglamento de la Ley Federal de Protecci\u00f3n de Datos Personales en Posesi\u00f3n de los Particulares, publicado en el Diario Oficial de la Federaci\u00f3n el 21 de diciembre de 2011.<\/li>\r\n<li><strong>VII. Transferencia: <\/strong>Toda comunicaci\u00f3n de datos personales dentro o fuera del territorio mexicano, realizada a persona distinta del titular, del responsable o del encargado.<\/li>\r\n<\/ul>\r\n\t\t\t\t\t\t\t\t<\/div>\n\t\t\t\t\t<\/div>\n\t\t\t\t<\/div>\n\t\t\t\t<\/div>\n\t\t","protected":false},"excerpt":{"rendered":"<p>Pol\u00edtica de privacidad El presente aviso de privacidad en lo sucesivo \u201cEL AVISO\u201d se emite en cumplimiento por lo dispuesto por el art\u00edculo 15 de la Ley Federal de Protecci\u00f3n de Datos Personales en Posesi\u00f3n de los Particulares en lo sucesivo \u201cLA LEY\u201d, y sus correlativos del Reglamento de la Ley Federal de Protecci\u00f3n de [&hellip;]<\/p>\n","protected":false},"author":1,"featured_media":0,"parent":0,"menu_order":13,"comment_status":"closed","ping_status":"closed","template":"elementor_header_footer","meta":{"footnotes":""},"class_list":["post-2219","page","type-page","status-publish","hentry"],"_links":{"self":[{"href":"https:\/\/lapizzarra.com.mx\/es\/wp-json\/wp\/v2\/pages\/2219","targetHints":{"allow":["GET"]}}],"collection":[{"href":"https:\/\/lapizzarra.com.mx\/es\/wp-json\/wp\/v2\/pages"}],"about":[{"href":"https:\/\/lapizzarra.com.mx\/es\/wp-json\/wp\/v2\/types\/page"}],"author":[{"embeddable":true,"href":"https:\/\/lapizzarra.com.mx\/es\/wp-json\/wp\/v2\/users\/1"}],"replies":[{"embeddable":true,"href":"https:\/\/lapizzarra.com.mx\/es\/wp-json\/wp\/v2\/comments?post=2219"}],"version-history":[{"count":0,"href":"https:\/\/lapizzarra.com.mx\/es\/wp-json\/wp\/v2\/pages\/2219\/revisions"}],"wp:attachment":[{"href":"https:\/\/lapizzarra.com.mx\/es\/wp-json\/wp\/v2\/media?parent=2219"}],"curies":[{"name":"wp","href":"https:\/\/api.w.org\/{rel}","templated":true}]}}