{"id":2199,"date":"2024-03-22T02:11:21","date_gmt":"2024-03-22T02:11:21","guid":{"rendered":"https:\/\/lapizzarra.com.mx\/facturacion\/"},"modified":"2025-01-08T20:37:27","modified_gmt":"2025-01-08T20:37:27","slug":"facturacion","status":"publish","type":"page","link":"https:\/\/lapizzarra.com.mx\/es\/facturacion\/","title":{"rendered":"Facturaci\u00f3n"},"content":{"rendered":"\t\t<div data-elementor-type=\"wp-page\" data-elementor-id=\"2199\" class=\"elementor elementor-2199 elementor-1847\" data-elementor-post-type=\"page\">\n\t\t\t\t<header class=\"elementor-element elementor-element-9c59cae e-flex e-con-boxed e-con e-parent\" data-id=\"9c59cae\" data-element_type=\"container\" data-e-type=\"container\" data-settings=\"{&quot;background_background&quot;:&quot;classic&quot;,&quot;jet_parallax_layout_list&quot;:[]}\">\n\t\t\t\t\t<div class=\"e-con-inner\">\n\t\t\t\t<div class=\"elementor-element elementor-element-6e847f6 elementor-widget elementor-widget-heading\" data-id=\"6e847f6\" data-element_type=\"widget\" data-e-type=\"widget\" data-widget_type=\"heading.default\">\n\t\t\t\t\t<h1 class=\"elementor-heading-title elementor-size-default\">Facturaci\u00f3n<\/h1>\t\t\t\t<\/div>\n\t\t\t\t\t<\/div>\n\t\t\t\t<\/header>\n\t\t<div class=\"elementor-element elementor-element-568c6c6 e-flex e-con-boxed e-con e-parent\" data-id=\"568c6c6\" data-element_type=\"container\" data-e-type=\"container\" data-settings=\"{&quot;jet_parallax_layout_list&quot;:[]}\">\n\t\t\t\t\t<div class=\"e-con-inner\">\n\t\t\t\t<div class=\"elementor-element elementor-element-8119156 elementor-widget elementor-widget-text-editor\" data-id=\"8119156\" data-element_type=\"widget\" data-e-type=\"widget\" data-widget_type=\"text-editor.default\">\n\t\t\t\t\t\t\t\t\t<h2 style=\"text-align: center;\">\u00bfRequiere factura?<\/h2>\n<ol>\n<li><span lang=\"es-MX\"><strong>Tome una foto<\/strong> <strong>de su ticket de compra<\/strong> y envielo a nuestro WhatsApp <a style=\"color: #1e1e1e;\" href=\"https:\/\/wa.link\/45xdsh\" target=\"_blank\" rel=\"noopener noreferrer nofollow\">+52 998 883 0666<\/a> o a nuestro email facturacion@hooterscancun.com<\/span><\/li>\n<li><span lang=\"es-MX\">M\u00e1ndenos los datos siguientes:<\/span>\n<ol>\n<li>Forma de Pago<\/li>\n<li>Email<\/li>\n<li>Constancia de Situaci\u00f3n Fiscal<\/li>\n<li>CFDI<\/li>\n<\/ol>\n<\/li>\n<li><span lang=\"es-MX\">Recibir\u00e1 un mensaje de confirmaci\u00f3n<\/span><\/li>\n<li><span lang=\"es-MX\">Le mandaremos su factura en menos de 24 hrs.<\/span><\/li>\n<\/ol>\n<hr \/>\n<p style=\"text-align: center;\"><strong>\u00a1Gracias por su preferencia!<\/strong><\/p>\n<p><img fetchpriority=\"high\" decoding=\"async\" class=\" wp-image-3695 aligncenter\" src=\"https:\/\/lapizzarra.com.mx\/wp-content\/uploads\/2024\/05\/LOGO-GRUPO-HOOTERS-600X2250px-300x125.png\" alt=\"\" width=\"518\" height=\"217\" srcset=\"https:\/\/lapizzarra.com.mx\/wp-content\/uploads\/2024\/05\/LOGO-GRUPO-HOOTERS-600X2250px-300x125.png 300w, https:\/\/lapizzarra.com.mx\/wp-content\/uploads\/2024\/05\/LOGO-GRUPO-HOOTERS-600X2250px.png 600w\" sizes=\"(max-width: 518px) 100vw, 518px\" \/><\/p>\n<h2><\/h2>\n\t\t\t\t\t\t\t\t<\/div>\n\t\t\t\t\t<\/div>\n\t\t\t\t<\/div>\n\t\t\t\t<\/div>\n\t\t","protected":false},"excerpt":{"rendered":"<p>Facturaci\u00f3n \u00bfRequiere factura? Tome una foto de su ticket de compra y envielo a nuestro WhatsApp +52 998 883 0666 o a nuestro email facturacion@hooterscancun.com M\u00e1ndenos los datos siguientes: Forma de Pago Email Constancia de Situaci\u00f3n Fiscal CFDI Recibir\u00e1 un mensaje de confirmaci\u00f3n Le mandaremos su factura en menos de 24 hrs. \u00a1Gracias por su [&hellip;]<\/p>\n","protected":false},"author":1,"featured_media":0,"parent":0,"menu_order":6,"comment_status":"closed","ping_status":"closed","template":"elementor_header_footer","meta":{"footnotes":""},"class_list":["post-2199","page","type-page","status-publish","hentry"],"_links":{"self":[{"href":"https:\/\/lapizzarra.com.mx\/es\/wp-json\/wp\/v2\/pages\/2199","targetHints":{"allow":["GET"]}}],"collection":[{"href":"https:\/\/lapizzarra.com.mx\/es\/wp-json\/wp\/v2\/pages"}],"about":[{"href":"https:\/\/lapizzarra.com.mx\/es\/wp-json\/wp\/v2\/types\/page"}],"author":[{"embeddable":true,"href":"https:\/\/lapizzarra.com.mx\/es\/wp-json\/wp\/v2\/users\/1"}],"replies":[{"embeddable":true,"href":"https:\/\/lapizzarra.com.mx\/es\/wp-json\/wp\/v2\/comments?post=2199"}],"version-history":[{"count":4,"href":"https:\/\/lapizzarra.com.mx\/es\/wp-json\/wp\/v2\/pages\/2199\/revisions"}],"predecessor-version":[{"id":4799,"href":"https:\/\/lapizzarra.com.mx\/es\/wp-json\/wp\/v2\/pages\/2199\/revisions\/4799"}],"wp:attachment":[{"href":"https:\/\/lapizzarra.com.mx\/es\/wp-json\/wp\/v2\/media?parent=2199"}],"curies":[{"name":"wp","href":"https:\/\/api.w.org\/{rel}","templated":true}]}}